{"id":59,"date":"2016-03-04T00:30:01","date_gmt":"2016-03-03T23:30:01","guid":{"rendered":"http:\/\/lionsclubfoggia.it\/site\/?page_id=59"},"modified":"2016-07-23T19:32:34","modified_gmt":"2016-07-23T17:32:34","slug":"perche-lions","status":"publish","type":"page","link":"https:\/\/lionsclubfoggia.it\/umbertogiordano\/perche-lions\/","title":{"rendered":"Perch\u00e9 LIONS?"},"content":{"rendered":"<p style=\"text-align: left;\">Il <strong>Lions Club<\/strong> \u00e8 un\u2018associazione di volontariato che ha come scopo il \u201cservizio\u201d nei confronti di chi pu\u00f2 avere bisogno di aiuto o, pi\u00f9 in generale, della propria comunit\u00e0: <strong>\u201cWe Serve\u201d<\/strong> \u00e8 il motto che generalmente si legge sotto il logo Lions.<\/p>\n<p style=\"text-align: left;\"><a href=\"https:\/\/lionsclubfoggia.it\/umbertogiordano\/wp-content\/uploads\/2016\/03\/con-Stemma-LCFUG.jpg\"><img loading=\"lazy\" decoding=\"async\" class=\" wp-image-4205 alignleft\" src=\"https:\/\/lionsclubfoggia.it\/umbertogiordano\/wp-content\/uploads\/2016\/03\/con-Stemma-LCFUG.jpg\" alt=\"con Stemma LCFUG\" width=\"304\" height=\"266\" srcset=\"https:\/\/lionsclubfoggia.it\/umbertogiordano\/wp-content\/uploads\/2016\/03\/con-Stemma-LCFUG.jpg 2048w, https:\/\/lionsclubfoggia.it\/umbertogiordano\/wp-content\/uploads\/2016\/03\/con-Stemma-LCFUG-300x263.jpg 300w, https:\/\/lionsclubfoggia.it\/umbertogiordano\/wp-content\/uploads\/2016\/03\/con-Stemma-LCFUG-768x673.jpg 768w, https:\/\/lionsclubfoggia.it\/umbertogiordano\/wp-content\/uploads\/2016\/03\/con-Stemma-LCFUG-1024x898.jpg 1024w\" sizes=\"auto, (max-width: 304px) 100vw, 304px\" \/><\/a>Ci\u00f2 si attua prevalentemente attraverso una raccolta di fondi effettuata tramite iniziative culturali o ludiche, o una raccolta di doni o servizi ceduti da persone o aziende; il tutto coordinato dall\u2019operosit\u00e0 dei Soci, rigorosamente senza fini di lucro. Il ricavato viene devoluto in beneficenza, o per gestire la conservazione o il restauro di beni artistici. Non sempre per\u00f2 il \u201cservire\u201d passa attraverso la raccolta di denaro: spesso ci si adopera per patrocinare nobili iniziative, lavorando sempre in prima persona, come la prevenzione dei mali sociali e\/o sanitari.\u00a0Le Associazioni ONLUS generalmente indirizzano il loro agire soltanto in una direzione; ci\u00f2 che caratterizza i Lions, invece, \u00e8 l\u2019utilizzazione contemporanea di varie \u201cstrade\u201d: ed \u00e8 proprio grazie a questa pluralit\u00e0 che i Lions si distinguono per la vastit\u00e0 dei risultati raggiunti.<\/p>\n<p style=\"text-align: left;\">Ogni Club, all\u2019inizio dell\u2019anno sociale, si pone come obbiettivo uno o pi\u00f9 Service in ambito locale, individuando, per esempio, persone bisognose o beni pubblici che necessitano di interventi. L\u2019insieme dei Club, inoltre, collabora alla realizzazione di progetti pi\u00f9 vasti, a livello regionale, nazionale o internazionale. Il portare avanti pi\u00f9 obbiettivi contemporaneamente vede ogni singolo Club prodigarsi per progetti che possono spaziare dal promuovere ed organizzare, per esempio, le pulizie del vicino parco, fino a combattere contro problemi mondiali.<\/p>\n<p style=\"text-align: left;\">L\u2019interagire tra i Soci, dello stesso Club o anche di Club molto lontani, fa si che si sviluppino relazioni sempre pi\u00f9 vaste, e permettano cos\u00ec al singolo Socio di esprimere tutto il proprio potenziale. Diventare un Lions significa, quindi, diventare un membro di una rispettata organizzazione internazionale: ogni Socio, a seconda delle proprie attitudini, del tempo a disposizione, della passione al servizio, pu\u00f2 essere pi\u00f9 o meno attivo nel prestare il proprio impegno; questo, anche se piccolo, quando viene sommato a quello degli altri e ben coordinato, riesce a dare i suoi frutti; quanto pi\u00f9 \u00e8 grande, tanto maggiore sar\u00e0 la soddisfazione di aver contribuito a qualcosa di buono. Un Club Lions che realizza un obbiettivo, diventa un amico per i bisognosi ed un punto di riferimento per la comunit\u00e0.<\/p>\n<p style=\"text-align: left;\">Ma essere Lions significa non solo lavorare per gli altri, ma anche tante altre cose belle e piacevoli, altrettanto nobili se viste nello spirito dell\u2019Etica lionistica. L\u2019Amicizia tra i Soci, per esempio, \u00e8 spesso alla base di ogni Club; ma anche quando non si arriva ad instaurare un sentimento cos\u00ec importante \u00e8 comunque sempre presente l\u2019Armonia ed il Rispetto, che a loro volta portano alla Lealt\u00e0 verso gli altri e il saper ascoltare senza pregiudizi, per poter cogliere sempre il meglio che ognuno pu\u00f2 offrire. Il consolidamento di tutte queste dimensioni fa nascere quella coscienza viva e operante di appartenere a una comunit\u00e0, condividendone le necessit\u00e0 che diventano, per i Lions, iniziative di sostegno morale e materiale. Ma per far si che le iniziative si susseguano di anno in anno con entusiasmo e forza \u00e8 necessario un costante \u201crinnovamento\u201d; e questo pu\u00f2 essere raggiunto con l\u2019apporto di nuove idee e di energia. Ci\u00f2 si ottiene con l\u2019Immissione di nuovi Soci ma anche con il \u201ccambiamento ideologico\u201d, a cui devono giungere tutti al fine di uno scopo comune che deve essere quello di rafforzare costantemente la rappresentativit\u00e0 del Club. Ogni persona che decide di entrare nei Lions, ogni Socio che conferma la propria appartenenza, lo fa perch\u00e9 \u00e8 convinto che questo piccolo gruppo di persone si differenzia nel migliorare la propria comunit\u00e0. Questo valore aggiunto rende i Soci entusiasti di partecipare e li spinge a prodigarsi in modo determinante \u00a0per le attivit\u00e0 del Club.<\/p>\n<h3>Qual \u00e8 l\u2019impegno di tempo che si deve dare come Socio?<\/h3>\n<p style=\"text-align: left;\">E&#8217; la domanda classica di chi mostra interesse ad entrare in un\u2019associazione come i Lions, con la paura di una vita gi\u00e0 oberata dal proprio lavoro. Si potrebbe rispondere semplicemente con una frase: nessun Socio si lamenta mai di sottrarre tempo alle proprie cose; solo il Presidente, ed a volte il Segretario, si trovano nella necessit\u00e0 di dover \u201cfare di pi\u00f9\u201d, in quanto sentono la responsabilit\u00e0 della conduzione di un Club. Ma anche in questo caso pesa pi\u00f9 lo \u201cstress del risultato\u201d che le ore impegnate. Ogni Socio \u00e8 nel Club ci\u00f2 che \u00e8 nella vita, ma con molto meno impegno di quanto si possa credere: molto spesso basta solo la presenza a qualche manifestazione per manifestare il proprio contributo.<\/p>\n<h3>E da un punto di vista economico?<\/h3>\n<p style=\"text-align: left;\">Ovviamente ogni Club si autofinanzia attraverso quote sociali, di piccola entit\u00e0, che servono solo alla gestione amministrativa; i Sevice sono sempre frutto di raccolte fondi e, per Statuto, non c\u2019\u00e8 mai commistione tra le due contabilit\u00e0.<\/p>\n<h3>Quali persone popolano le fila di un Club Lions?<\/h3>\n<p style=\"text-align: left;\">Questa \u00e8 un\u2019altra domanda classica che viene posta dai profani. Ed anche in questo caso la risposta \u00e8 molto semplice: sono le persone che si incontrano tutti i giorni, perch\u00e9 in un Club Lions non vi sono preclusioni in base al ceto sociale o alla fede religiosa, non si discute di politica, non viene richiesta una disponibilit\u00e0 di tempo da \u201cpensionati\u201d. Molti Soci credono e si impegnano negli scopi del lionismo, nell\u2019amicizia tra i Soci e ricevono in cambio la soddisfazione dei risultati. Alcuni, per passione e predisposizione, si impegnano oltre la carica di Presidente di Club, scalando la piramide di incarichi lionistici, profondendo energia e tempo inimmaginabili e per molti incomprensibili: ma, come si dice? \u201cquando c\u2019\u00e8 la passione\u2026\u201d, ed infatti anche da queste persone raramente si sente dire che l\u2019impegno \u00e8 stato sproporzionato rispetto alle aspettative o ai risultati. Ma \u00e8 proprio nella \u201ccarriera\u201d lionistica che pu\u00f2 essere espressa la Leadership, ovvero la capacit\u00e0 di essere Leader e trainer nelle iniziative, cosa che completa il carattere di ognuno di noi e ci fa misurare le nostre attitudini. Ci sono, di contro, persone che non si impegnano mai con cariche importanti, ma comunque sono sempre presenti alle manifestazioni e si prodigano nel cercare collaborazioni nella propria cerchia di conoscenze. Altre che non partecipano quasi mai, per motivi generalmente di lavoro, ma a cui \u00e8 sufficiente fare loro una telefonata, quando si pensa che possano essere utili per realizzare qualche attivit\u00e0, perch\u00e9 si mettano subito a disposizione con risultati immediati. Quindi, in conclusione, non esiste \u201cun modo\u201d di essere Lions. Ripeto: ogni Socio \u00e8 nel Club ci\u00f2 che \u00e8 nella vita; e non esiste \u201cimpegno\u201d: ognuno esprime se stesso come e quando vuole.<\/p>\n<h3>Cosa vuol dire LIONS?<\/h3>\n<p style=\"text-align: left;\">E&#8217;\u00a0l\u2019acronimo di <em><strong>Liberty, Intelligence Our Nation\u2019s Safety<\/strong><\/em>, che in Italiano pu\u00f2 essere tradotto come: <em><strong>Libert\u00e0 e Intelligenza a Salvaguardia della Nostra Nazione<\/strong><\/em>. Non \u00e8 quindi un \u201ctermine da tradurre\u201d, come generalmente si fa in \u201cI Leoni\u201d. Non essendo un plurale, non esiste la sua forma singolare, quindi non si pu\u00f2, per esempio, dire \u201cun Lion\u201d, perch\u00e9 la parola Lion non indica un Socio. Nell\u2019associazione il termine Lion esiste, ma solo come nome della Rivista internazionale del Lions Internatinal, che si \u00e8 scelto per analogia con il nome del Club (appunto Lion e Lions) e per il significato allegorico che il Leone riveste (vedi il leone della Metro Goldwyn Mayer) come \u201cvoce ruggente\u201d dei Lions.<\/p>\n<p><strong>Quali sono, in conclusione, le ragioni per diventare Soci. Come Lions si pu\u00f2:<\/strong><\/p>\n<ul>\n<li>Aiutare la propria comunit\u00e0<\/li>\n<li>Avere un impatto sulla vita delle persone, a livello locale e internazionale<\/li>\n<li>Imparare a essere un leader ed a guidare una rispettabile organizzazione<\/li>\n<li>Aggiungere alla propria vita una parentesi stimolante e divertente<\/li>\n<li>Creare una rete di contatti nella propria comunit\u00e0 e in tutto il mondo<\/li>\n<li>Crescere a livello personale e professionale, scoprendo quanto ci\u00f2 che fate siautile e apprezzato.<\/li>\n<\/ul>\n<h3>Come diventare Socio<\/h3>\n<p>Lo Statuto del Lions Club prevede che l\u2019ammissione avvenga su invito. Se siete interessati a essere invitati a unirvi a un Club:<\/p>\n<ul>\n<li>Contattate un Socio Lions di vostra conoscenza<\/li>\n<li>Oppure contattate il Club e manifestate il vostro interesse: <a href=\"..\/..\/..\/\" target=\"_blank\">www.lionsclubfoggia.it<\/a><\/li>\n<li>Quindi chiedete di partecipare a una Riunione per saperne di pi\u00f9 sul Club e sui suoi progetti di servizio.<\/li>\n<li>Alla Riunione, potrete chiedere di diventare Soci.<\/li>\n<\/ul>\n<p style=\"text-align: left;\">Lo <strong>Statuto e Regolamento<\/strong> \u201ctipo\u201d del Lions Club \u00e8 pubblico: lo si trova su Internet a questo <a href=\"http:\/\/www.lions108a.eu\/wb\/media\/documenti\/Statuto%20tipo%20club%20LA2.pdf\" target=\"_blank\">indirizzo<\/a>. Il Lions Club Foggia Umberto Giordano ha un proprio Statuto e Regolamento, come tanti altri Club, che \u00e8 stato leggermente modificato per adattarlo alla propria realt\u00e0, e lo si trova sul <a href=\"..\/..\/..\/\" target=\"_blank\">Sito del Club<\/a>.<\/p>\n<h3>Cosa hanno fatto i Lions d\u2019importante?<\/h3>\n<p style=\"text-align: left;\">Oggi i Lions sono riconosciuti in tutto il mondo per il servizio ai non-vedenti ed a quanti hanno gravi problemi di vista, accettando la sfida di divenire \u00abCavalieri dei non-vedenti nella crociata contro le tenebre\u00bb. Sono impegnati nel campo della conservazione della vista tramite moltissime attivit\u00e0 a livello sia locale che internazionale. Inoltre, essi sono impegnati ad aiutare i giovani tramite la realizzazione di programmi specifici e ad aiutare chi \u00e8 nel bisogno. Nel 1990, l\u2019associazione approv\u00f2 la creazione del programma SightFirst, l\u2019iniziativa globale per debellare la cecit\u00e0 prevenibile e curabile nel mondo. Sono stati coinvolti nel programma anche i Governi, oltre che esperti ed organizzazioni nel campo della cecit\u00e0, nell\u2019intento di trovare soluzioni a lungo termine per eliminare la cecit\u00e0 prevenibile e reversibile. Il Lions Club Foggia Umberto Giordano ha collaborato a tal punto in questo Service da essere stato denominato \u201cClub modello\u201d ed insignito di varie onorificenze.<\/p>\n<p style=\"text-align: left;\">Altro cavallo di battaglia internazionale dei Lions \u00e8 stato il \u201cLibro Parlato\u201d, nato in Italia nel 1975, per iniziativa del &#8220;Lions Club Verbania&#8221;, a favore dei ciechi d&#8217;Italia. L&#8217;iniziativa ha tuttora come scopo specifico quello di promuovere la formazione culturale dei non vedenti, mediante un servizio sociale che consenta, sia pur in parte, la possibilit\u00e0 di superare l&#8217;handicap della loro condizione, favorendone l&#8217;integrazione nell&#8217;ambito dell&#8217;odierna societ\u00e0. In Italia il centro di produzione degli audio-libri \u00e8 rimasto a Verbania e poi vengono distribuiti su tutto il territorio nazionale gratuitamente. A Foggia, nella Biblioteca provinciale, gli audio-libri vengono consegnati ai non-vedenti in CD o gi\u00e0 integrati in lettori MP3, grazie anche alla valida collaborazione del Lions Club Foggia Umberto Giordano.<\/p>\n<p style=\"text-align: left;\">Quest\u2019ultimo, infine, si \u00e8 adoperato nel corso degli anni in una moltitudine di service a carattere locale di altissima valenza sociale: tra gli ultimi si ricorda il \u201c<a href=\"Progetto%20Prevenzione%20Tumore%20Colonretto.doc\" target=\"_blank\">Progetto di prevenzione per il tumore del colon retto<\/a>\u201d, negli anni 2009 e 2010; ed il recupero ed il restauro della Fossa del grano, sita nel piazzale della Chiesa di San Giovanni Battista, nel 2000 \u00a0e nel 2010. E precedentemente ha collaborato con tutti i Club della Zona, della Circoscrizione o del Distretto per la realizzazione di Service pi\u00f9 vasti, come la beneficenza che viene ogni fatta all\u2019UAL o per la realizzazione del <a href=\"http:\/\/lionstoritto.splinder.com\/post\/17609740\/centro-polifunzionale-di-casalnuovo-monterotaro\" target=\"_blank\">Centro Polifunzionale di Casalnuovo Monterotaro<\/a>.<\/p>\n<p style=\"text-align: left;\">L\u2019orgoglio di essere Lions trova il suo apice proprio nel realizzare queste cose, piccole o grandi, importanti per poche persone o per una intera societ\u00e0, e di realizzarle sempre con la consapevolezza di agire senza alcun interesse economico; cosa che al giorno d\u2019oggi eleva lo spirito in una realt\u00e0 senza tempo.<\/p>\n<p><em><strong>Ettore Gaudiosi<\/strong><\/em><\/p>\n","protected":false},"excerpt":{"rendered":"<p>Il Lions Club \u00e8 un\u2018associazione di volontariato che ha come scopo il \u201cservizio\u201d nei confronti di chi pu\u00f2 avere bisogno di aiuto o, pi\u00f9 in generale, della propria comunit\u00e0: \u201cWe Serve\u201d \u00e8 il motto che generalmente si legge sotto il logo Lions. Ci\u00f2 si attua prevalentemente attraverso una raccolta di fondi effettuata tramite iniziative culturali &hellip; <a href=\"https:\/\/lionsclubfoggia.it\/umbertogiordano\/perche-lions\/\">Continued<\/a><\/p>\n","protected":false},"author":36,"featured_media":0,"parent":0,"menu_order":0,"comment_status":"closed","ping_status":"closed","template":"","meta":{"_acf_changed":false,"footnotes":""},"class_list":["post-59","page","type-page","status-publish","hentry"],"acf":[],"yoast_head":"<!-- This site is optimized with the Yoast SEO plugin v27.5 - https:\/\/yoast.com\/product\/yoast-seo-wordpress\/ -->\n<title>Perch\u00e9 LIONS? - LIONS Club Foggia - Umberto Giordano<\/title>\n<meta name=\"robots\" content=\"index, follow, max-snippet:-1, max-image-preview:large, max-video-preview:-1\" \/>\n<link rel=\"canonical\" href=\"https:\/\/lionsclubfoggia.it\/umbertogiordano\/perche-lions\/\" \/>\n<meta property=\"og:locale\" content=\"it_IT\" \/>\n<meta property=\"og:type\" content=\"article\" \/>\n<meta property=\"og:title\" content=\"Perch\u00e9 LIONS? - LIONS Club Foggia - Umberto Giordano\" \/>\n<meta property=\"og:description\" content=\"Il Lions Club \u00e8 un\u2018associazione di volontariato che ha come scopo il \u201cservizio\u201d nei confronti di chi pu\u00f2 avere bisogno di aiuto o, pi\u00f9 in generale, della propria comunit\u00e0: \u201cWe Serve\u201d \u00e8 il motto che generalmente si legge sotto il logo Lions. Ci\u00f2 si attua prevalentemente attraverso una raccolta di fondi effettuata tramite iniziative culturali &hellip; Continued\" \/>\n<meta property=\"og:url\" content=\"https:\/\/lionsclubfoggia.it\/umbertogiordano\/perche-lions\/\" \/>\n<meta property=\"og:site_name\" content=\"LIONS Club Foggia - Umberto Giordano\" \/>\n<meta property=\"article:publisher\" content=\"https:\/\/www.facebook.com\/Lions-Club-Foggia-Umberto-Giordano-115119205182578\/?fref=ts\" \/>\n<meta property=\"article:modified_time\" content=\"2016-07-23T17:32:34+00:00\" \/>\n<meta property=\"og:image\" content=\"https:\/\/lionsclubfoggia.it\/umbertogiordano\/wp-content\/uploads\/2016\/03\/con-Stemma-LCFUG.jpg\" \/>\n<meta name=\"twitter:card\" content=\"summary_large_image\" \/>\n<meta name=\"twitter:label1\" content=\"Tempo di lettura stimato\" \/>\n\t<meta name=\"twitter:data1\" content=\"9 minuti\" \/>\n<script type=\"application\/ld+json\" class=\"yoast-schema-graph\">{\"@context\":\"https:\\\/\\\/schema.org\",\"@graph\":[{\"@type\":\"WebPage\",\"@id\":\"https:\\\/\\\/lionsclubfoggia.it\\\/umbertogiordano\\\/perche-lions\\\/\",\"url\":\"https:\\\/\\\/lionsclubfoggia.it\\\/umbertogiordano\\\/perche-lions\\\/\",\"name\":\"Perch\u00e9 LIONS? - LIONS Club Foggia - Umberto Giordano\",\"isPartOf\":{\"@id\":\"https:\\\/\\\/lionsclubfoggia.it\\\/umbertogiordano\\\/#website\"},\"primaryImageOfPage\":{\"@id\":\"https:\\\/\\\/lionsclubfoggia.it\\\/umbertogiordano\\\/perche-lions\\\/#primaryimage\"},\"image\":{\"@id\":\"https:\\\/\\\/lionsclubfoggia.it\\\/umbertogiordano\\\/perche-lions\\\/#primaryimage\"},\"thumbnailUrl\":\"https:\\\/\\\/lionsclubfoggia.it\\\/umbertogiordano\\\/wp-content\\\/uploads\\\/2016\\\/03\\\/con-Stemma-LCFUG.jpg\",\"datePublished\":\"2016-03-03T23:30:01+00:00\",\"dateModified\":\"2016-07-23T17:32:34+00:00\",\"breadcrumb\":{\"@id\":\"https:\\\/\\\/lionsclubfoggia.it\\\/umbertogiordano\\\/perche-lions\\\/#breadcrumb\"},\"inLanguage\":\"it-IT\",\"potentialAction\":[{\"@type\":\"ReadAction\",\"target\":[\"https:\\\/\\\/lionsclubfoggia.it\\\/umbertogiordano\\\/perche-lions\\\/\"]}]},{\"@type\":\"ImageObject\",\"inLanguage\":\"it-IT\",\"@id\":\"https:\\\/\\\/lionsclubfoggia.it\\\/umbertogiordano\\\/perche-lions\\\/#primaryimage\",\"url\":\"https:\\\/\\\/lionsclubfoggia.it\\\/umbertogiordano\\\/wp-content\\\/uploads\\\/2016\\\/03\\\/con-Stemma-LCFUG.jpg\",\"contentUrl\":\"https:\\\/\\\/lionsclubfoggia.it\\\/umbertogiordano\\\/wp-content\\\/uploads\\\/2016\\\/03\\\/con-Stemma-LCFUG.jpg\",\"width\":2048,\"height\":1795},{\"@type\":\"BreadcrumbList\",\"@id\":\"https:\\\/\\\/lionsclubfoggia.it\\\/umbertogiordano\\\/perche-lions\\\/#breadcrumb\",\"itemListElement\":[{\"@type\":\"ListItem\",\"position\":1,\"name\":\"Home\",\"item\":\"https:\\\/\\\/lionsclubfoggia.it\\\/umbertogiordano\\\/\"},{\"@type\":\"ListItem\",\"position\":2,\"name\":\"Perch\u00e9 LIONS?\"}]},{\"@type\":\"WebSite\",\"@id\":\"https:\\\/\\\/lionsclubfoggia.it\\\/umbertogiordano\\\/#website\",\"url\":\"https:\\\/\\\/lionsclubfoggia.it\\\/umbertogiordano\\\/\",\"name\":\"LIONS Club Foggia - Umberto Giordano\",\"description\":\"We Serve\",\"publisher\":{\"@id\":\"https:\\\/\\\/lionsclubfoggia.it\\\/umbertogiordano\\\/#organization\"},\"potentialAction\":[{\"@type\":\"SearchAction\",\"target\":{\"@type\":\"EntryPoint\",\"urlTemplate\":\"https:\\\/\\\/lionsclubfoggia.it\\\/umbertogiordano\\\/?s={search_term_string}\"},\"query-input\":{\"@type\":\"PropertyValueSpecification\",\"valueRequired\":true,\"valueName\":\"search_term_string\"}}],\"inLanguage\":\"it-IT\"},{\"@type\":\"Organization\",\"@id\":\"https:\\\/\\\/lionsclubfoggia.it\\\/umbertogiordano\\\/#organization\",\"name\":\"LIONS Club Umberto Giordano\",\"url\":\"https:\\\/\\\/lionsclubfoggia.it\\\/umbertogiordano\\\/\",\"logo\":{\"@type\":\"ImageObject\",\"inLanguage\":\"it-IT\",\"@id\":\"https:\\\/\\\/lionsclubfoggia.it\\\/umbertogiordano\\\/#\\\/schema\\\/logo\\\/image\\\/\",\"url\":\"\",\"contentUrl\":\"\",\"caption\":\"LIONS Club Umberto Giordano\"},\"image\":{\"@id\":\"https:\\\/\\\/lionsclubfoggia.it\\\/umbertogiordano\\\/#\\\/schema\\\/logo\\\/image\\\/\"},\"sameAs\":[\"https:\\\/\\\/www.facebook.com\\\/Lions-Club-Foggia-Umberto-Giordano-115119205182578\\\/?fref=ts\"]}]}<\/script>\n<!-- \/ Yoast SEO plugin. -->","yoast_head_json":{"title":"Perch\u00e9 LIONS? - LIONS Club Foggia - Umberto Giordano","robots":{"index":"index","follow":"follow","max-snippet":"max-snippet:-1","max-image-preview":"max-image-preview:large","max-video-preview":"max-video-preview:-1"},"canonical":"https:\/\/lionsclubfoggia.it\/umbertogiordano\/perche-lions\/","og_locale":"it_IT","og_type":"article","og_title":"Perch\u00e9 LIONS? - LIONS Club Foggia - Umberto Giordano","og_description":"Il Lions Club \u00e8 un\u2018associazione di volontariato che ha come scopo il \u201cservizio\u201d nei confronti di chi pu\u00f2 avere bisogno di aiuto o, pi\u00f9 in generale, della propria comunit\u00e0: \u201cWe Serve\u201d \u00e8 il motto che generalmente si legge sotto il logo Lions. Ci\u00f2 si attua prevalentemente attraverso una raccolta di fondi effettuata tramite iniziative culturali &hellip; Continued","og_url":"https:\/\/lionsclubfoggia.it\/umbertogiordano\/perche-lions\/","og_site_name":"LIONS Club Foggia - Umberto Giordano","article_publisher":"https:\/\/www.facebook.com\/Lions-Club-Foggia-Umberto-Giordano-115119205182578\/?fref=ts","article_modified_time":"2016-07-23T17:32:34+00:00","og_image":[{"url":"https:\/\/lionsclubfoggia.it\/umbertogiordano\/wp-content\/uploads\/2016\/03\/con-Stemma-LCFUG.jpg","type":"","width":"","height":""}],"twitter_card":"summary_large_image","twitter_misc":{"Tempo di lettura stimato":"9 minuti"},"schema":{"@context":"https:\/\/schema.org","@graph":[{"@type":"WebPage","@id":"https:\/\/lionsclubfoggia.it\/umbertogiordano\/perche-lions\/","url":"https:\/\/lionsclubfoggia.it\/umbertogiordano\/perche-lions\/","name":"Perch\u00e9 LIONS? - LIONS Club Foggia - Umberto Giordano","isPartOf":{"@id":"https:\/\/lionsclubfoggia.it\/umbertogiordano\/#website"},"primaryImageOfPage":{"@id":"https:\/\/lionsclubfoggia.it\/umbertogiordano\/perche-lions\/#primaryimage"},"image":{"@id":"https:\/\/lionsclubfoggia.it\/umbertogiordano\/perche-lions\/#primaryimage"},"thumbnailUrl":"https:\/\/lionsclubfoggia.it\/umbertogiordano\/wp-content\/uploads\/2016\/03\/con-Stemma-LCFUG.jpg","datePublished":"2016-03-03T23:30:01+00:00","dateModified":"2016-07-23T17:32:34+00:00","breadcrumb":{"@id":"https:\/\/lionsclubfoggia.it\/umbertogiordano\/perche-lions\/#breadcrumb"},"inLanguage":"it-IT","potentialAction":[{"@type":"ReadAction","target":["https:\/\/lionsclubfoggia.it\/umbertogiordano\/perche-lions\/"]}]},{"@type":"ImageObject","inLanguage":"it-IT","@id":"https:\/\/lionsclubfoggia.it\/umbertogiordano\/perche-lions\/#primaryimage","url":"https:\/\/lionsclubfoggia.it\/umbertogiordano\/wp-content\/uploads\/2016\/03\/con-Stemma-LCFUG.jpg","contentUrl":"https:\/\/lionsclubfoggia.it\/umbertogiordano\/wp-content\/uploads\/2016\/03\/con-Stemma-LCFUG.jpg","width":2048,"height":1795},{"@type":"BreadcrumbList","@id":"https:\/\/lionsclubfoggia.it\/umbertogiordano\/perche-lions\/#breadcrumb","itemListElement":[{"@type":"ListItem","position":1,"name":"Home","item":"https:\/\/lionsclubfoggia.it\/umbertogiordano\/"},{"@type":"ListItem","position":2,"name":"Perch\u00e9 LIONS?"}]},{"@type":"WebSite","@id":"https:\/\/lionsclubfoggia.it\/umbertogiordano\/#website","url":"https:\/\/lionsclubfoggia.it\/umbertogiordano\/","name":"LIONS Club Foggia - Umberto Giordano","description":"We Serve","publisher":{"@id":"https:\/\/lionsclubfoggia.it\/umbertogiordano\/#organization"},"potentialAction":[{"@type":"SearchAction","target":{"@type":"EntryPoint","urlTemplate":"https:\/\/lionsclubfoggia.it\/umbertogiordano\/?s={search_term_string}"},"query-input":{"@type":"PropertyValueSpecification","valueRequired":true,"valueName":"search_term_string"}}],"inLanguage":"it-IT"},{"@type":"Organization","@id":"https:\/\/lionsclubfoggia.it\/umbertogiordano\/#organization","name":"LIONS Club Umberto Giordano","url":"https:\/\/lionsclubfoggia.it\/umbertogiordano\/","logo":{"@type":"ImageObject","inLanguage":"it-IT","@id":"https:\/\/lionsclubfoggia.it\/umbertogiordano\/#\/schema\/logo\/image\/","url":"","contentUrl":"","caption":"LIONS Club Umberto Giordano"},"image":{"@id":"https:\/\/lionsclubfoggia.it\/umbertogiordano\/#\/schema\/logo\/image\/"},"sameAs":["https:\/\/www.facebook.com\/Lions-Club-Foggia-Umberto-Giordano-115119205182578\/?fref=ts"]}]}},"_links":{"self":[{"href":"https:\/\/lionsclubfoggia.it\/umbertogiordano\/wp-json\/wp\/v2\/pages\/59","targetHints":{"allow":["GET"]}}],"collection":[{"href":"https:\/\/lionsclubfoggia.it\/umbertogiordano\/wp-json\/wp\/v2\/pages"}],"about":[{"href":"https:\/\/lionsclubfoggia.it\/umbertogiordano\/wp-json\/wp\/v2\/types\/page"}],"author":[{"embeddable":true,"href":"https:\/\/lionsclubfoggia.it\/umbertogiordano\/wp-json\/wp\/v2\/users\/36"}],"replies":[{"embeddable":true,"href":"https:\/\/lionsclubfoggia.it\/umbertogiordano\/wp-json\/wp\/v2\/comments?post=59"}],"version-history":[{"count":19,"href":"https:\/\/lionsclubfoggia.it\/umbertogiordano\/wp-json\/wp\/v2\/pages\/59\/revisions"}],"predecessor-version":[{"id":4872,"href":"https:\/\/lionsclubfoggia.it\/umbertogiordano\/wp-json\/wp\/v2\/pages\/59\/revisions\/4872"}],"wp:attachment":[{"href":"https:\/\/lionsclubfoggia.it\/umbertogiordano\/wp-json\/wp\/v2\/media?parent=59"}],"curies":[{"name":"wp","href":"https:\/\/api.w.org\/{rel}","templated":true}]}}